{"id":17329,"date":"2025-01-24T18:06:29","date_gmt":"2025-01-24T16:06:29","guid":{"rendered":"https:\/\/deloudis.gr\/eshop\/?post_type=product&#038;p=17329"},"modified":"2025-12-22T14:50:14","modified_gmt":"2025-12-22T12:50:14","slug":"trapeze","status":"publish","type":"product","link":"https:\/\/deloudis.gr\/eshop\/product\/trapeze\/","title":{"rendered":"TRAPEZE"},"content":{"rendered":"<p>Jean Prouv\u00e9 originally designed the Trap\u00e8ze table for the Cit\u00e9 Universitaire in Antony near Paris. The trapezoidal shape of the sheet steel legs provided inspiration for the name and also gives the table its distinctive character.<\/p>\n","protected":false},"excerpt":{"rendered":"<p>Jean Prouv\u00e9 originally designed the Trap\u00e8ze table for the Cit\u00e9 Universitaire in Antony near Paris. The trapezoidal shape of the sheet steel legs provided inspiration for the name and also gives the table its distinctive character.<\/p>\n","protected":false},"featured_media":17330,"comment_status":"closed","ping_status":"closed","template":"","meta":{"_acf_changed":false},"product_brand":[],"product_cat":[218],"product_tag":[],"product_color":[1184],"product_material":[1204,1206],"product_fabric":[],"class_list":{"0":"post-17329","1":"product","2":"type-product","3":"status-publish","4":"has-post-thumbnail","6":"product-brand-vitra","7":"product_cat-tables","8":"product_color-black","9":"product_material-laminate","10":"product_material-metal","12":"first","13":"instock","14":"taxable","15":"shipping-taxable","16":"purchasable","17":"product-type-simple"},"acf":[],"yoast_head":"<!-- This site is optimized with the Yoast SEO plugin v25.3.1 - https:\/\/yoast.com\/wordpress\/plugins\/seo\/ -->\n<title>TRAPEZE - Deloudis E-shop - Contemporary Design Furniture Online<\/title>\n<meta name=\"robots\" content=\"index, follow, max-snippet:-1, max-image-preview:large, max-video-preview:-1\" \/>\n<link rel=\"canonical\" href=\"https:\/\/deloudis.gr\/eshop\/product\/trapeze\/\" \/>\n<meta property=\"og:locale\" content=\"en_US\" \/>\n<meta property=\"og:type\" content=\"article\" \/>\n<meta property=\"og:title\" content=\"TRAPEZE - Deloudis E-shop - Contemporary Design Furniture Online\" \/>\n<meta property=\"og:description\" content=\"Jean Prouv\u00e9 originally designed the Trap\u00e8ze table for the Cit\u00e9 Universitaire in Antony near Paris. The trapezoidal shape of the sheet steel legs provided inspiration for the name and also gives the table its distinctive character.\" \/>\n<meta property=\"og:url\" content=\"https:\/\/deloudis.gr\/eshop\/product\/trapeze\/\" \/>\n<meta property=\"og:site_name\" content=\"Deloudis E-shop - Contemporary Design Furniture Online\" \/>\n<meta property=\"article:publisher\" content=\"https:\/\/www.facebook.com\/deloudis\" \/>\n<meta property=\"article:modified_time\" content=\"2025-12-22T12:50:14+00:00\" \/>\n<meta property=\"og:image\" content=\"https:\/\/deloudis.gr\/eshop\/wp-content\/uploads\/2025\/01\/trapeze-1.gif\" \/>\n\t<meta property=\"og:image:width\" content=\"1000\" \/>\n\t<meta property=\"og:image:height\" content=\"625\" \/>\n\t<meta property=\"og:image:type\" content=\"image\/gif\" \/>\n<meta name=\"twitter:card\" content=\"summary_large_image\" \/>\n<meta name=\"twitter:site\" content=\"@deloudis\" \/>\n<meta name=\"twitter:label1\" content=\"Est. reading time\" \/>\n\t<meta name=\"twitter:data1\" content=\"1 minute\" \/>\n<script type=\"application\/ld+json\" class=\"yoast-schema-graph\">{\"@context\":\"https:\/\/schema.org\",\"@graph\":[{\"@type\":\"WebPage\",\"@id\":\"https:\/\/deloudis.gr\/eshop\/product\/trapeze\/\",\"url\":\"https:\/\/deloudis.gr\/eshop\/product\/trapeze\/\",\"name\":\"TRAPEZE - Deloudis E-shop - Contemporary Design Furniture Online\",\"isPartOf\":{\"@id\":\"https:\/\/deloudis.gr\/eshop\/#website\"},\"primaryImageOfPage\":{\"@id\":\"https:\/\/deloudis.gr\/eshop\/product\/trapeze\/#primaryimage\"},\"image\":{\"@id\":\"https:\/\/deloudis.gr\/eshop\/product\/trapeze\/#primaryimage\"},\"thumbnailUrl\":\"https:\/\/deloudis.gr\/eshop\/wp-content\/uploads\/2025\/01\/trapeze-1.gif\",\"datePublished\":\"2025-01-24T16:06:29+00:00\",\"dateModified\":\"2025-12-22T12:50:14+00:00\",\"breadcrumb\":{\"@id\":\"https:\/\/deloudis.gr\/eshop\/product\/trapeze\/#breadcrumb\"},\"inLanguage\":\"en-US\",\"potentialAction\":[{\"@type\":\"ReadAction\",\"target\":[\"https:\/\/deloudis.gr\/eshop\/product\/trapeze\/\"]}]},{\"@type\":\"ImageObject\",\"inLanguage\":\"en-US\",\"@id\":\"https:\/\/deloudis.gr\/eshop\/product\/trapeze\/#primaryimage\",\"url\":\"https:\/\/deloudis.gr\/eshop\/wp-content\/uploads\/2025\/01\/trapeze-1.gif\",\"contentUrl\":\"https:\/\/deloudis.gr\/eshop\/wp-content\/uploads\/2025\/01\/trapeze-1.gif\",\"width\":1000,\"height\":625,\"caption\":\"trapeze 1\"},{\"@type\":\"BreadcrumbList\",\"@id\":\"https:\/\/deloudis.gr\/eshop\/product\/trapeze\/#breadcrumb\",\"itemListElement\":[{\"@type\":\"ListItem\",\"position\":1,\"name\":\"Home\",\"item\":\"https:\/\/deloudis.gr\/eshop\/\"},{\"@type\":\"ListItem\",\"position\":2,\"name\":\"Products\",\"item\":\"https:\/\/deloudis.gr\/eshop\/products\/\"},{\"@type\":\"ListItem\",\"position\":3,\"name\":\"Tables\",\"item\":\"https:\/\/deloudis.gr\/eshop\/product-category\/tables\/\"},{\"@type\":\"ListItem\",\"position\":4,\"name\":\"TRAPEZE\"}]},{\"@type\":\"WebSite\",\"@id\":\"https:\/\/deloudis.gr\/eshop\/#website\",\"url\":\"https:\/\/deloudis.gr\/eshop\/\",\"name\":\"Deloudis E-shop - Contemporary Design Furniture Online\",\"description\":\"Browse our collection and shop online!\",\"publisher\":{\"@id\":\"https:\/\/deloudis.gr\/eshop\/#organization\"},\"potentialAction\":[{\"@type\":\"SearchAction\",\"target\":{\"@type\":\"EntryPoint\",\"urlTemplate\":\"https:\/\/deloudis.gr\/eshop\/?s={search_term_string}\"},\"query-input\":{\"@type\":\"PropertyValueSpecification\",\"valueRequired\":true,\"valueName\":\"search_term_string\"}}],\"inLanguage\":\"en-US\"},{\"@type\":\"Organization\",\"@id\":\"https:\/\/deloudis.gr\/eshop\/#organization\",\"name\":\"Deloudis E-shop\",\"url\":\"https:\/\/deloudis.gr\/eshop\/\",\"logo\":{\"@type\":\"ImageObject\",\"inLanguage\":\"en-US\",\"@id\":\"https:\/\/deloudis.gr\/eshop\/#\/schema\/logo\/image\/\",\"url\":\"https:\/\/deloudis.gr\/eshop\/wp-content\/uploads\/2020\/04\/10390161_10152178306424677_601376278955773936_n.jpg\",\"contentUrl\":\"https:\/\/deloudis.gr\/eshop\/wp-content\/uploads\/2020\/04\/10390161_10152178306424677_601376278955773936_n.jpg\",\"width\":228,\"height\":250,\"caption\":\"Deloudis E-shop\"},\"image\":{\"@id\":\"https:\/\/deloudis.gr\/eshop\/#\/schema\/logo\/image\/\"},\"sameAs\":[\"https:\/\/www.facebook.com\/deloudis\",\"https:\/\/x.com\/deloudis\",\"https:\/\/www.instagram.com\/deloudis_\/\"]}]}<\/script>\n<!-- \/ Yoast SEO plugin. -->","yoast_head_json":{"title":"TRAPEZE - Deloudis E-shop - Contemporary Design Furniture Online","robots":{"index":"index","follow":"follow","max-snippet":"max-snippet:-1","max-image-preview":"max-image-preview:large","max-video-preview":"max-video-preview:-1"},"canonical":"https:\/\/deloudis.gr\/eshop\/product\/trapeze\/","og_locale":"en_US","og_type":"article","og_title":"TRAPEZE - Deloudis E-shop - Contemporary Design Furniture Online","og_description":"Jean Prouv\u00e9 originally designed the Trap\u00e8ze table for the Cit\u00e9 Universitaire in Antony near Paris. The trapezoidal shape of the sheet steel legs provided inspiration for the name and also gives the table its distinctive character.","og_url":"https:\/\/deloudis.gr\/eshop\/product\/trapeze\/","og_site_name":"Deloudis E-shop - Contemporary Design Furniture Online","article_publisher":"https:\/\/www.facebook.com\/deloudis","article_modified_time":"2025-12-22T12:50:14+00:00","og_image":[{"width":1000,"height":625,"url":"https:\/\/deloudis.gr\/eshop\/wp-content\/uploads\/2025\/01\/trapeze-1.gif","type":"image\/gif"}],"twitter_card":"summary_large_image","twitter_site":"@deloudis","twitter_misc":{"Est. reading time":"1 minute"},"schema":{"@context":"https:\/\/schema.org","@graph":[{"@type":"WebPage","@id":"https:\/\/deloudis.gr\/eshop\/product\/trapeze\/","url":"https:\/\/deloudis.gr\/eshop\/product\/trapeze\/","name":"TRAPEZE - Deloudis E-shop - Contemporary Design Furniture Online","isPartOf":{"@id":"https:\/\/deloudis.gr\/eshop\/#website"},"primaryImageOfPage":{"@id":"https:\/\/deloudis.gr\/eshop\/product\/trapeze\/#primaryimage"},"image":{"@id":"https:\/\/deloudis.gr\/eshop\/product\/trapeze\/#primaryimage"},"thumbnailUrl":"https:\/\/deloudis.gr\/eshop\/wp-content\/uploads\/2025\/01\/trapeze-1.gif","datePublished":"2025-01-24T16:06:29+00:00","dateModified":"2025-12-22T12:50:14+00:00","breadcrumb":{"@id":"https:\/\/deloudis.gr\/eshop\/product\/trapeze\/#breadcrumb"},"inLanguage":"en-US","potentialAction":[{"@type":"ReadAction","target":["https:\/\/deloudis.gr\/eshop\/product\/trapeze\/"]}]},{"@type":"ImageObject","inLanguage":"en-US","@id":"https:\/\/deloudis.gr\/eshop\/product\/trapeze\/#primaryimage","url":"https:\/\/deloudis.gr\/eshop\/wp-content\/uploads\/2025\/01\/trapeze-1.gif","contentUrl":"https:\/\/deloudis.gr\/eshop\/wp-content\/uploads\/2025\/01\/trapeze-1.gif","width":1000,"height":625,"caption":"trapeze 1"},{"@type":"BreadcrumbList","@id":"https:\/\/deloudis.gr\/eshop\/product\/trapeze\/#breadcrumb","itemListElement":[{"@type":"ListItem","position":1,"name":"Home","item":"https:\/\/deloudis.gr\/eshop\/"},{"@type":"ListItem","position":2,"name":"Products","item":"https:\/\/deloudis.gr\/eshop\/products\/"},{"@type":"ListItem","position":3,"name":"Tables","item":"https:\/\/deloudis.gr\/eshop\/product-category\/tables\/"},{"@type":"ListItem","position":4,"name":"TRAPEZE"}]},{"@type":"WebSite","@id":"https:\/\/deloudis.gr\/eshop\/#website","url":"https:\/\/deloudis.gr\/eshop\/","name":"Deloudis E-shop - Contemporary Design Furniture Online","description":"Browse our collection and shop online!","publisher":{"@id":"https:\/\/deloudis.gr\/eshop\/#organization"},"potentialAction":[{"@type":"SearchAction","target":{"@type":"EntryPoint","urlTemplate":"https:\/\/deloudis.gr\/eshop\/?s={search_term_string}"},"query-input":{"@type":"PropertyValueSpecification","valueRequired":true,"valueName":"search_term_string"}}],"inLanguage":"en-US"},{"@type":"Organization","@id":"https:\/\/deloudis.gr\/eshop\/#organization","name":"Deloudis E-shop","url":"https:\/\/deloudis.gr\/eshop\/","logo":{"@type":"ImageObject","inLanguage":"en-US","@id":"https:\/\/deloudis.gr\/eshop\/#\/schema\/logo\/image\/","url":"https:\/\/deloudis.gr\/eshop\/wp-content\/uploads\/2020\/04\/10390161_10152178306424677_601376278955773936_n.jpg","contentUrl":"https:\/\/deloudis.gr\/eshop\/wp-content\/uploads\/2020\/04\/10390161_10152178306424677_601376278955773936_n.jpg","width":228,"height":250,"caption":"Deloudis E-shop"},"image":{"@id":"https:\/\/deloudis.gr\/eshop\/#\/schema\/logo\/image\/"},"sameAs":["https:\/\/www.facebook.com\/deloudis","https:\/\/x.com\/deloudis","https:\/\/www.instagram.com\/deloudis_\/"]}]}},"_links":{"self":[{"href":"https:\/\/deloudis.gr\/eshop\/wp-json\/wp\/v2\/product\/17329","targetHints":{"allow":["GET"]}}],"collection":[{"href":"https:\/\/deloudis.gr\/eshop\/wp-json\/wp\/v2\/product"}],"about":[{"href":"https:\/\/deloudis.gr\/eshop\/wp-json\/wp\/v2\/types\/product"}],"replies":[{"embeddable":true,"href":"https:\/\/deloudis.gr\/eshop\/wp-json\/wp\/v2\/comments?post=17329"}],"wp:featuredmedia":[{"embeddable":true,"href":"https:\/\/deloudis.gr\/eshop\/wp-json\/wp\/v2\/media\/17330"}],"wp:attachment":[{"href":"https:\/\/deloudis.gr\/eshop\/wp-json\/wp\/v2\/media?parent=17329"}],"wp:term":[{"taxonomy":"product_brand","embeddable":true,"href":"https:\/\/deloudis.gr\/eshop\/wp-json\/wp\/v2\/product_brand?post=17329"},{"taxonomy":"product_cat","embeddable":true,"href":"https:\/\/deloudis.gr\/eshop\/wp-json\/wp\/v2\/product_cat?post=17329"},{"taxonomy":"product_tag","embeddable":true,"href":"https:\/\/deloudis.gr\/eshop\/wp-json\/wp\/v2\/product_tag?post=17329"},{"taxonomy":"product_color","embeddable":true,"href":"https:\/\/deloudis.gr\/eshop\/wp-json\/wp\/v2\/product_color?post=17329"},{"taxonomy":"product_material","embeddable":true,"href":"https:\/\/deloudis.gr\/eshop\/wp-json\/wp\/v2\/product_material?post=17329"},{"taxonomy":"product_fabric","embeddable":true,"href":"https:\/\/deloudis.gr\/eshop\/wp-json\/wp\/v2\/product_fabric?post=17329"}],"curies":[{"name":"wp","href":"https:\/\/api.w.org\/{rel}","templated":true}]}}